{"id":976,"date":"2024-11-19T09:59:07","date_gmt":"2024-11-19T08:59:07","guid":{"rendered":"https:\/\/habacus.com\/?page_id=976"},"modified":"2025-08-19T15:57:13","modified_gmt":"2025-08-19T13:57:13","slug":"cookie-policy","status":"publish","type":"page","link":"https:\/\/habacus.com\/it\/cookie-policy\/","title":{"rendered":"Cookie policy"},"content":{"rendered":"\n<div style=\"height:0px\" aria-hidden=\"true\" class=\"wp-block-spacer\"><\/div>\n\n\n\n<div class=\"wp-block-group is-layout-constrained wp-container-core-group-is-layout-fbfc87ba wp-block-group-is-layout-constrained\">\n<div class=\"font-montserrat text-dddblue px-20 pt-20\">\n<h2 class=\"text-6xl\">Cookie Policy<\/h2>\n<h4>\u00a0<\/h4>\n<h4>Titolare del trattamento e Responsabile della protezione dei dati (DPO).<\/h4>\n<p>Queste informazioni sono rese da Habacus (di seguito semplicemente \u201c<strong>Habacus<\/strong>\u201d, la \u201c<strong>Societ\u00e0<\/strong>\u201d o il \u201c<strong>Titolare<\/strong>\u201d). Per sciogliere qualsiasi dubbio su come il Titolare tratta i dati personali, \u00e8 sempre possibile contattarla:<\/p>\n<ul>\n<li>All\u2019indirizzo e-mail infoprivacy@habacus.com<\/li>\n<li>All\u2019indirizzo via Cappuccio, 14, 20123, Milano.<\/li>\n<\/ul>\n<p style=\"text-align: center;\">* * *\u00a0\u00a0\u00a0\u00a0\u00a0 *\u00a0\u00a0\u00a0\u00a0\u00a0 * * *<\/p>\n<p>La presente <em>Cookie Policy<\/em> ha lo scopo specifico di:<\/p>\n<ul>\n<li>illustrare i tipi di <em>cookies<\/em> presenti sul sito web habacus.com (il \u201c<strong>Sito<\/strong>\u201d) e le modalit\u00e0 del loro utilizzo; nonch\u00e9<\/li>\n<li>fornire indicazioni agli utenti del Sito (gli \u201c<strong>Utenti<\/strong>\u201d) sulle azioni per rifiutare o eliminare, se lo si desidera, tali <em>cookies<\/em>.<\/li>\n<\/ul>\n<p>I <em>cookies<\/em> sono stringhe di testo di piccole dimensioni che i siti visitati dagli Utenti inviano al rispettivo <em>browser<\/em> del terminale, dove vengono memorizzati, per essere poi successivamente ritrasmessi agli stessi siti alla successiva visita degli Utenti. Questo serve a rendere pi\u00f9 fluida e personale l\u2019esperienza di navigazione su internet. Nel corso della navigazione su un sito, gli Utenti possono ricevere sul proprio terminale <em>cookie<\/em> di \u201cprima parte\u201d, ossia quelli gestiti direttamente dal proprietario e\/o dal gestore del sito, ma anche <em>cookie<\/em> che vengono inviati da siti o da web-server diversi (c.d. <em>cookie<\/em> di \u201cterze parti\u201d). Ci\u00f2 accade perch\u00e9 sul sito web visitato possono essere presenti elementi che risiedono su server diversi da quello sul quale si trova il Sito stesso e impostati da un sito web diverso da quello che si sta attualmente visitando. Con riferimento alle finalit\u00e0 concretamente perseguite dal Titolare, i <em>cookie<\/em> possono essere <em>(a) <\/em>tecnici; <em>(b) <\/em>analitici, e <em>(c) <\/em>di profilazione.<\/p>\n<h4>Cookie <em>tecnici<\/em><\/h4>\n<h5>Di che si tratta?<\/h5>\n<p>I cookie tecnici sono utilizzati al solo fine di effettuare la trasmissione di una comunicazione su una rete di comunicazione elettronica, o nella misura strettamente necessaria al fornitore di un servizio della societ\u00e0 dell&#8217;informazione ad erogare un servizio esplicitamente richiesto dall\u2019utente. I <em>cookie <\/em>tecnici si differenziano in <strong><em>(i)<\/em><\/strong> <em>cookie<\/em> di sessione, che non vengono memorizzati in modo persistente sul computer dell\u2019utente e si eliminano con la chiusura del browser; e <strong><em>(ii)<\/em><\/strong> cookie di funzionalit\u00e0, che sono utilizzati per memorizzare le personalizzazioni scelte dall\u2019Utente sul Sito, quali ad esempio la lingua. L\u2019utilizzo di queste tipologie di <em>cookies<\/em> \u00e8 strettamente limitato alla trasmissione di identificativi di sessione (costituiti da numeri casuali generati dal server) necessari per consentire l\u2019esplorazione sicura, efficace e agevole del Sito. Per l&#8217;installazione di tali <em>cookie<\/em> non \u00e8 richiesto il preventivo consenso degli utenti.<\/p>\n<h5>Quali cookie tecnici ci sono sul Sito?<\/h5>\n<p><script id=\"CookieDeclaration\" \ndata-culture=\"it\"\nsrc=\"https:\/\/consent.cookiebot.com\/a1237d83-2541-4319-9573-aa4d6b6eaf5f\/cd.js\" type=\"text\/javascript\" async=\"\"><\/script><\/p>\n<\/div>\n<\/div>\n\n\n\n<div class=\"wp-block-columns is-layout-flex wp-container-core-columns-is-layout-9d6595d7 wp-block-columns-is-layout-flex\">\n<div class=\"wp-block-column is-layout-flow wp-block-column-is-layout-flow\"><\/div>\n<\/div>\n\n\n\n<div class=\"wp-block-group is-layout-constrained wp-container-core-group-is-layout-fbfc87ba wp-block-group-is-layout-constrained\">\n<div class=\"font-montserrat text-dddblue px-20 pt-20\">\n<p>Si segnala, infine, che i cosiddetti <em>social button <\/em>contenuti nella <em>home page<\/em> del Sito sono esclusivamente dei semplici link a pagine esterne dei relativi social, che non installano <em>cookie<\/em>.<\/p>\n<h4>Natura del conferimento dei dati da parte degli utenti<\/h4>\n<p>Il conferimento dei dati \u00e8 facoltativo e pu\u00f2 essere gestito tramite il <em>banner <\/em>presente nell\u2019<em>homepage <\/em>del Sito.<\/p>\n<p>\u00c8 possibile modificare le preferenze relative ai <em>cookie<\/em> in qualsiasi momento mediante specifiche configurazioni del browser, secondo le specifiche procedure di seguito descritte. Tramite le preferenze del browser \u00e8 inoltre possibile eliminare i cookie installati in passato, incluso il <em>cookie<\/em> in cui venga eventualmente salvato il consenso all&#8217;installazione di <em>cookie<\/em> da parte di uno del Sito.<\/p>\n<p>L\u2019Utente pu\u00f2 esprimere il proprio consenso all\u2019utilizzo dei <em>cookie<\/em> del Sito. \u00c8 possibile accettare tutti i <em>cookie<\/em>, accettarne solo alcuni, oppure rifiutarli tutti.<\/p>\n<p>Nel caso in cui l\u2019Utente decida di disattivare i <em>cookie<\/em> (anche quelli tecnici), non avr\u00e0 accesso a molte caratteristiche che rendono il Sito pi\u00f9 efficiente e alcuni dei servizi della Societ\u00e0 accessibili tramite il Sito non funzioneranno in modo corretto.<\/p>\n<p>Per quanto concerne i <em>cookie<\/em> di terze parti, l&#8217;Utente pu\u00f2 inoltre esercitare il proprio diritto ad opporsi al trattamento informandosi tramite la privacy policy della terza parte, tramite il link di <em>opt out<\/em> se esplicitamente fornito nella suddetta <em>privacy policy<\/em> o nella <em>cookie policy<\/em>, o contattando direttamente la stessa terza parte.<\/p>\n<h4>Opzioni in merito all\u2019uso dei <em>cookies<\/em><\/h4>\n<p>\u00c8 possibile controllare i <em>cookie<\/em> attraverso le impostazioni del <em>browser <\/em>utilizzato. Poich\u00e9 ciascun <em>browser<\/em> ha delle funzioni differenti, l\u2019Utente dovr\u00e0 controllare sul menu di \u201c<em>aiuto<\/em>\u201d del proprio\u00a0<em>browser<\/em>\u00a0per capire come modificare correttamente le impostazioni relative ai <em>cookie<\/em>.<\/p>\n<p>L\u2019Utente pu\u00f2 quindi modificare le impostazioni del\u00a0<em>browser<\/em>\u00a0in modo che i <em>cookie<\/em> siano cancellati o non vengano salvati nel computer o dispositivo\u00a0<em>mobile <\/em>senza il proprio consenso esplicito. Ai seguenti <em>link<\/em> l\u2019utente pu\u00f2 capire meglio come impostare il proprio\u00a0<em>browser<\/em>:<\/p>\n<ul>\n<li>Internet Explorer: <a href=\"https:\/\/support.microsoft.com\/it-it\/help\/17442\/windows-internet-explorer-delete-manage-cookies\">https:\/\/support.microsoft.com\/it-it\/help\/17442\/windows-internet-explorer-delete-manage-cookies<\/a><\/li>\n<li>Mozilla Firefox: <a href=\"https:\/\/support.mozilla.com\/en-US\/kb\/cookies-information-websites-store-on-your-computer#w_cookie-settings\">https:\/\/support.mozilla.com\/en-US\/kb\/cookies-information-websites-store-on-your-computer#w_cookie-settings<\/a><\/li>\n<li>Google Chrome: <a href=\"https:\/\/support.google.com\/chrome\/answer\/95647?hl=en\">https:\/\/support.google.com\/chrome\/answer\/95647?hl=en<\/a><\/li>\n<li>Safari: <a href=\"http:\/\/support.apple.com\/kb\/PH504\">http:\/\/support.apple.com\/kb\/PH504<\/a><\/li>\n<\/ul>\n<p>Per altre informazioni sul mondo dei <em>cookies<\/em>, l\u2019Utente pu\u00f2 sempre consultare il sito <a href=\"http:\/\/www.allaboutcookies.org\">www.allaboutcookies.org<\/a><\/p>\n<p style=\"text-align: center;\">* * *\u00a0\u00a0\u00a0\u00a0\u00a0 *\u00a0\u00a0\u00a0\u00a0\u00a0 * * *<\/p>\n<p>Per tutte le altre informazioni sul trattamento dei dati personali raccolti sul Sito, (ad esempio, diritti degli utenti, destinatari dei dati, trasferimenti all\u2019estero) <strong>si prega di leggere l\u2019informativa relativa al trattamento dei dati personali del Sito, <\/strong><a href=\"https:\/\/habacus.com\/trattamento-dei-dati\/\"><strong><em><u>cliccando qui<\/u><\/em><\/strong><\/a><\/p>\n<p style=\"text-align: center;\"><em>Cookie<\/em> policy aggiornata in data [05 Maggio 2022].<\/p>\n<\/div>\n<\/div>\n\n\n\n<div style=\"height:239px\" aria-hidden=\"true\" class=\"wp-block-spacer\"><\/div>\n","protected":false},"excerpt":{"rendered":"<p>Cookie Policy \u00a0 Titolare del trattamento e Responsabile della protezione dei dati (DPO). Queste informazioni sono rese da Habacus (di seguito semplicemente \u201cHabacus\u201d, la \u201cSociet\u00e0\u201d o il \u201cTitolare\u201d). Per sciogliere qualsiasi dubbio su come il Titolare tratta i dati personali, \u00e8 sempre possibile contattarla: All\u2019indirizzo e-mail infoprivacy@habacus.com All\u2019indirizzo via Cappuccio, 14, 20123, Milano. * * &hellip; <a href=\"https:\/\/habacus.com\/it\/cookie-policy\/\">Continued<\/a><\/p>\n","protected":false},"author":1,"featured_media":0,"parent":0,"menu_order":0,"comment_status":"closed","ping_status":"closed","template":"","meta":{"_acf_changed":false,"footnotes":""},"class_list":["post-976","page","type-page","status-publish","hentry"],"acf":[],"yoast_head":"<!-- This site is optimized with the Yoast SEO plugin v27.3 - https:\/\/yoast.com\/product\/yoast-seo-wordpress\/ -->\n<title>Cookie policy - Habacus<\/title>\n<meta name=\"robots\" content=\"index, follow, max-snippet:-1, max-image-preview:large, max-video-preview:-1\" \/>\n<link rel=\"canonical\" href=\"https:\/\/habacus.com\/it\/cookie-policy\/\" \/>\n<meta property=\"og:locale\" content=\"it_IT\" \/>\n<meta property=\"og:type\" content=\"article\" \/>\n<meta property=\"og:title\" content=\"Cookie policy - Habacus\" \/>\n<meta property=\"og:description\" content=\"Cookie Policy \u00a0 Titolare del trattamento e Responsabile della protezione dei dati (DPO). Queste informazioni sono rese da Habacus (di seguito semplicemente \u201cHabacus\u201d, la \u201cSociet\u00e0\u201d o il \u201cTitolare\u201d). Per sciogliere qualsiasi dubbio su come il Titolare tratta i dati personali, \u00e8 sempre possibile contattarla: All\u2019indirizzo e-mail infoprivacy@habacus.com All\u2019indirizzo via Cappuccio, 14, 20123, Milano. * * &hellip; Continued\" \/>\n<meta property=\"og:url\" content=\"https:\/\/habacus.com\/it\/cookie-policy\/\" \/>\n<meta property=\"og:site_name\" content=\"Habacus\" \/>\n<meta property=\"article:publisher\" content=\"https:\/\/www.facebook.com\/habacus.srl\" \/>\n<meta property=\"article:modified_time\" content=\"2025-08-19T13:57:13+00:00\" \/>\n<meta property=\"og:image\" content=\"https:\/\/habacus.com\/app\/uploads\/2025\/07\/Cover-Habacus-web.png\" \/>\n\t<meta property=\"og:image:width\" content=\"1200\" \/>\n\t<meta property=\"og:image:height\" content=\"675\" \/>\n\t<meta property=\"og:image:type\" content=\"image\/png\" \/>\n<meta name=\"twitter:card\" content=\"summary_large_image\" \/>\n<meta name=\"twitter:label1\" content=\"Tempo di lettura stimato\" \/>\n\t<meta name=\"twitter:data1\" content=\"5 minuti\" \/>\n<script type=\"application\/ld+json\" class=\"yoast-schema-graph\">{\"@context\":\"https:\\\/\\\/schema.org\",\"@graph\":[{\"@type\":\"WebPage\",\"@id\":\"https:\\\/\\\/habacus.com\\\/it\\\/cookie-policy\\\/\",\"url\":\"https:\\\/\\\/habacus.com\\\/it\\\/cookie-policy\\\/\",\"name\":\"Cookie policy - Habacus\",\"isPartOf\":{\"@id\":\"https:\\\/\\\/habacus.com\\\/it\\\/#website\"},\"datePublished\":\"2024-11-19T08:59:07+00:00\",\"dateModified\":\"2025-08-19T13:57:13+00:00\",\"breadcrumb\":{\"@id\":\"https:\\\/\\\/habacus.com\\\/it\\\/cookie-policy\\\/#breadcrumb\"},\"inLanguage\":\"it-IT\",\"potentialAction\":[{\"@type\":\"ReadAction\",\"target\":[\"https:\\\/\\\/habacus.com\\\/it\\\/cookie-policy\\\/\"]}]},{\"@type\":\"BreadcrumbList\",\"@id\":\"https:\\\/\\\/habacus.com\\\/it\\\/cookie-policy\\\/#breadcrumb\",\"itemListElement\":[{\"@type\":\"ListItem\",\"position\":1,\"name\":\"Home\",\"item\":\"https:\\\/\\\/habacus.com\\\/it\\\/\"},{\"@type\":\"ListItem\",\"position\":2,\"name\":\"Cookie policy\"}]},{\"@type\":\"WebSite\",\"@id\":\"https:\\\/\\\/habacus.com\\\/it\\\/#website\",\"url\":\"https:\\\/\\\/habacus.com\\\/it\\\/\",\"name\":\"Habacus\",\"description\":\"Dream big plan smart\",\"publisher\":{\"@id\":\"https:\\\/\\\/habacus.com\\\/it\\\/#organization\"},\"alternateName\":\"abacus\",\"potentialAction\":[{\"@type\":\"SearchAction\",\"target\":{\"@type\":\"EntryPoint\",\"urlTemplate\":\"https:\\\/\\\/habacus.com\\\/it\\\/?s={search_term_string}\"},\"query-input\":{\"@type\":\"PropertyValueSpecification\",\"valueRequired\":true,\"valueName\":\"search_term_string\"}}],\"inLanguage\":\"it-IT\"},{\"@type\":\"Organization\",\"@id\":\"https:\\\/\\\/habacus.com\\\/it\\\/#organization\",\"name\":\"Habacus\",\"url\":\"https:\\\/\\\/habacus.com\\\/it\\\/\",\"logo\":{\"@type\":\"ImageObject\",\"inLanguage\":\"it-IT\",\"@id\":\"https:\\\/\\\/habacus.com\\\/it\\\/#\\\/schema\\\/logo\\\/image\\\/\",\"url\":\"https:\\\/\\\/habacus.com\\\/app\\\/uploads\\\/2025\\\/01\\\/1.png\",\"contentUrl\":\"https:\\\/\\\/habacus.com\\\/app\\\/uploads\\\/2025\\\/01\\\/1.png\",\"width\":512,\"height\":512,\"caption\":\"Habacus\"},\"image\":{\"@id\":\"https:\\\/\\\/habacus.com\\\/it\\\/#\\\/schema\\\/logo\\\/image\\\/\"},\"sameAs\":[\"https:\\\/\\\/www.facebook.com\\\/habacus.srl\",\"https:\\\/\\\/www.linkedin.com\\\/company\\\/h-abacus\",\"https:\\\/\\\/www.instagram.com\\\/habacus_ita\",\"https:\\\/\\\/www.tiktok.com\\\/@_habacus_\"]}]}<\/script>\n<!-- \/ Yoast SEO plugin. -->","yoast_head_json":{"title":"Cookie policy - Habacus","robots":{"index":"index","follow":"follow","max-snippet":"max-snippet:-1","max-image-preview":"max-image-preview:large","max-video-preview":"max-video-preview:-1"},"canonical":"https:\/\/habacus.com\/it\/cookie-policy\/","og_locale":"it_IT","og_type":"article","og_title":"Cookie policy - Habacus","og_description":"Cookie Policy \u00a0 Titolare del trattamento e Responsabile della protezione dei dati (DPO). Queste informazioni sono rese da Habacus (di seguito semplicemente \u201cHabacus\u201d, la \u201cSociet\u00e0\u201d o il \u201cTitolare\u201d). Per sciogliere qualsiasi dubbio su come il Titolare tratta i dati personali, \u00e8 sempre possibile contattarla: All\u2019indirizzo e-mail infoprivacy@habacus.com All\u2019indirizzo via Cappuccio, 14, 20123, Milano. * * &hellip; Continued","og_url":"https:\/\/habacus.com\/it\/cookie-policy\/","og_site_name":"Habacus","article_publisher":"https:\/\/www.facebook.com\/habacus.srl","article_modified_time":"2025-08-19T13:57:13+00:00","og_image":[{"width":1200,"height":675,"url":"https:\/\/habacus.com\/app\/uploads\/2025\/07\/Cover-Habacus-web.png","type":"image\/png"}],"twitter_card":"summary_large_image","twitter_misc":{"Tempo di lettura stimato":"5 minuti"},"schema":{"@context":"https:\/\/schema.org","@graph":[{"@type":"WebPage","@id":"https:\/\/habacus.com\/it\/cookie-policy\/","url":"https:\/\/habacus.com\/it\/cookie-policy\/","name":"Cookie policy - Habacus","isPartOf":{"@id":"https:\/\/habacus.com\/it\/#website"},"datePublished":"2024-11-19T08:59:07+00:00","dateModified":"2025-08-19T13:57:13+00:00","breadcrumb":{"@id":"https:\/\/habacus.com\/it\/cookie-policy\/#breadcrumb"},"inLanguage":"it-IT","potentialAction":[{"@type":"ReadAction","target":["https:\/\/habacus.com\/it\/cookie-policy\/"]}]},{"@type":"BreadcrumbList","@id":"https:\/\/habacus.com\/it\/cookie-policy\/#breadcrumb","itemListElement":[{"@type":"ListItem","position":1,"name":"Home","item":"https:\/\/habacus.com\/it\/"},{"@type":"ListItem","position":2,"name":"Cookie policy"}]},{"@type":"WebSite","@id":"https:\/\/habacus.com\/it\/#website","url":"https:\/\/habacus.com\/it\/","name":"Habacus","description":"Dream big plan smart","publisher":{"@id":"https:\/\/habacus.com\/it\/#organization"},"alternateName":"abacus","potentialAction":[{"@type":"SearchAction","target":{"@type":"EntryPoint","urlTemplate":"https:\/\/habacus.com\/it\/?s={search_term_string}"},"query-input":{"@type":"PropertyValueSpecification","valueRequired":true,"valueName":"search_term_string"}}],"inLanguage":"it-IT"},{"@type":"Organization","@id":"https:\/\/habacus.com\/it\/#organization","name":"Habacus","url":"https:\/\/habacus.com\/it\/","logo":{"@type":"ImageObject","inLanguage":"it-IT","@id":"https:\/\/habacus.com\/it\/#\/schema\/logo\/image\/","url":"https:\/\/habacus.com\/app\/uploads\/2025\/01\/1.png","contentUrl":"https:\/\/habacus.com\/app\/uploads\/2025\/01\/1.png","width":512,"height":512,"caption":"Habacus"},"image":{"@id":"https:\/\/habacus.com\/it\/#\/schema\/logo\/image\/"},"sameAs":["https:\/\/www.facebook.com\/habacus.srl","https:\/\/www.linkedin.com\/company\/h-abacus","https:\/\/www.instagram.com\/habacus_ita","https:\/\/www.tiktok.com\/@_habacus_"]}]}},"_links":{"self":[{"href":"https:\/\/habacus.com\/it\/wp-json\/wp\/v2\/pages\/976","targetHints":{"allow":["GET"]}}],"collection":[{"href":"https:\/\/habacus.com\/it\/wp-json\/wp\/v2\/pages"}],"about":[{"href":"https:\/\/habacus.com\/it\/wp-json\/wp\/v2\/types\/page"}],"author":[{"embeddable":true,"href":"https:\/\/habacus.com\/it\/wp-json\/wp\/v2\/users\/1"}],"replies":[{"embeddable":true,"href":"https:\/\/habacus.com\/it\/wp-json\/wp\/v2\/comments?post=976"}],"version-history":[{"count":26,"href":"https:\/\/habacus.com\/it\/wp-json\/wp\/v2\/pages\/976\/revisions"}],"predecessor-version":[{"id":4807,"href":"https:\/\/habacus.com\/it\/wp-json\/wp\/v2\/pages\/976\/revisions\/4807"}],"wp:attachment":[{"href":"https:\/\/habacus.com\/it\/wp-json\/wp\/v2\/media?parent=976"}],"curies":[{"name":"wp","href":"https:\/\/api.w.org\/{rel}","templated":true}]}}