{"id":4752,"date":"2025-08-19T15:22:58","date_gmt":"2025-08-19T13:22:58","guid":{"rendered":"https:\/\/habacus.com\/?page_id=4752"},"modified":"2025-10-14T20:45:09","modified_gmt":"2025-10-14T18:45:09","slug":"informativa-trasparenza","status":"publish","type":"page","link":"https:\/\/habacus.com\/it\/informativa-trasparenza\/","title":{"rendered":"Informativa trasparenza"},"content":{"rendered":"\n<div style=\"height:100px\" aria-hidden=\"true\" class=\"wp-block-spacer\"><\/div>\n\n\n\n<div class=\"wp-block-columns is-layout-flex wp-container-core-columns-is-layout-9d6595d7 wp-block-columns-is-layout-flex\">\n<div class=\"wp-block-column is-layout-flow wp-block-column-is-layout-flow\" style=\"flex-basis:25%\"><\/div>\n\n\n\n<div class=\"wp-block-column has-dddblue-color has-text-color has-link-color wp-elements-f540da20bed2da1d8d2f707d02bda602 is-layout-flow wp-block-column-is-layout-flow\" style=\"flex-basis:50%\">\n<h1><strong>Informativa sulla trasparenza Habacus<\/strong><\/h1>\n<p>La trasparenza e la confrontabilit\u00e0 delle offerte \u00e8 da sempre alla base della nostra filosofia commerciale.<\/p>\n<p>Negli ultimi anni, per rispondere alle sempre pi\u00f9 sentite esigenze di trasparenza da parte dei consumatori, sono stati rivisti e rafforzati dagli organi competenti gli obblighi informativi per le banche, gli intermediari finanziari ed i mediatori creditizi, con riferimento in particolare ai contratti di finanziamento.<\/p>\n<p>Per quanto riguarda Habacus S.r.l., societ\u00e0 che gestisce il sito<strong>\u00a0<a id=\"menur27l\" class=\"fui-Link ___1q1shib f2hkw1w f3rmtva f1ewtqcl fyind8e f1k6fduh f1w7gpdv fk6fouc fjoy568 figsok6 f1s184ao f1mk8lai fnbmjn9 f1o700av f13mvf36 f1cmlufx f9n3di6 f1ids18y f1tx3yz7 f1deo86v f1eh06m1 f1iescvh fhgqx19 f1olyrje f1p93eir f1nev41a f1h8hb77 f1lqvz6u f10aw75t fsle3fq f17ae5zn\" title=\"http:\/\/www.habacus.com\/\" href=\"http:\/\/www.habacus.com\" target=\"_blank\" rel=\"noreferrer noopener\" aria-label=\"Collegamento www.habacus.com\">www.habacus.com<\/a>\u00a0<\/strong>in qualit\u00e0 di mediatore creditizio, \u00e8 possibile consultare il <strong><a href=\"https:\/\/habacus.com\/app\/uploads\/2025\/08\/Foglio_Informativo_Habacus.pdf\">Foglio Informativo<\/a><\/strong>\u00a0relativo all&#8217;azienda ed all&#8217;attivit\u00e0 svolta dalla stessa. Viene inoltre messo a disposizione lo\u00a0<a href=\"https:\/\/habacus.com\/app\/uploads\/2025\/10\/Schema_Contratto_Mediazione_Creditizia_Habacus_ita_141025.pdf\"><strong>schema\u00a0del contratto di mediazione creditizia<\/strong><\/a> che regola il servizio di mediazione creditizia offerto da Habacus S.r.l.<\/p>\n<p>Inoltre, la societ\u00e0 ha adottato il\u00a0<a href=\"https:\/\/habacus.com\/app\/uploads\/2025\/08\/Codice-Deontologica-dei-Mediatori-Creditizi.pdf\"><strong>Codice Deontologico<\/strong><\/a>\u00a0dei mediatori creditizi che svolgono l&#8217;attivit\u00e0 di consulenza e collocamento di prodotti di credito promosso dall&#8217;Associazione Bancaria Italiana nell&#8217;ambito dell&#8217;Iniziativa Pattichiari.<\/p>\n<p>Infine, riportiamo di seguito, ai sensi di legge, l\u2019informativa sulla trasparenza fornitaci dalle banche e dagli intermediari finanziari con cui collaboriamo.<\/p>\n<p>Tutti i documenti riportati in questa sezione sono in formato elettronico PDF. Se non siete in possesso del\u00a0<i>plug-in<\/i>\u00a0per la visione dei documenti PDF potete\u00a0scaricarlo gratuitamente.<\/p>\n<\/div>\n\n\n\n<div class=\"wp-block-column is-layout-flow wp-block-column-is-layout-flow\" style=\"flex-basis:25%\"><\/div>\n<\/div>\n\n\n\n<div style=\"height:176px\" aria-hidden=\"true\" class=\"wp-block-spacer\"><\/div>\n","protected":false},"excerpt":{"rendered":"<p>Informativa sulla trasparenza Habacus La trasparenza e la confrontabilit\u00e0 delle offerte \u00e8 da sempre alla base della nostra filosofia commerciale. Negli ultimi anni, per rispondere alle sempre pi\u00f9 sentite esigenze di trasparenza da parte dei consumatori, sono stati rivisti e rafforzati dagli organi competenti gli obblighi informativi per le banche, gli intermediari finanziari ed i &hellip; <a href=\"https:\/\/habacus.com\/it\/informativa-trasparenza\/\">Continued<\/a><\/p>\n","protected":false},"author":7,"featured_media":0,"parent":0,"menu_order":0,"comment_status":"closed","ping_status":"closed","template":"","meta":{"_acf_changed":false,"footnotes":""},"class_list":["post-4752","page","type-page","status-publish","hentry"],"acf":[],"yoast_head":"<!-- This site is optimized with the Yoast SEO plugin v27.3 - https:\/\/yoast.com\/product\/yoast-seo-wordpress\/ -->\n<title>Informativa trasparenza - Habacus<\/title>\n<meta name=\"robots\" content=\"index, follow, max-snippet:-1, max-image-preview:large, max-video-preview:-1\" \/>\n<link rel=\"canonical\" href=\"https:\/\/habacus.com\/it\/informativa-trasparenza\/\" \/>\n<meta property=\"og:locale\" content=\"it_IT\" \/>\n<meta property=\"og:type\" content=\"article\" \/>\n<meta property=\"og:title\" content=\"Informativa trasparenza - Habacus\" \/>\n<meta property=\"og:description\" content=\"Informativa sulla trasparenza Habacus La trasparenza e la confrontabilit\u00e0 delle offerte \u00e8 da sempre alla base della nostra filosofia commerciale. Negli ultimi anni, per rispondere alle sempre pi\u00f9 sentite esigenze di trasparenza da parte dei consumatori, sono stati rivisti e rafforzati dagli organi competenti gli obblighi informativi per le banche, gli intermediari finanziari ed i &hellip; Continued\" \/>\n<meta property=\"og:url\" content=\"https:\/\/habacus.com\/it\/informativa-trasparenza\/\" \/>\n<meta property=\"og:site_name\" content=\"Habacus\" \/>\n<meta property=\"article:publisher\" content=\"https:\/\/www.facebook.com\/habacus.srl\" \/>\n<meta property=\"article:modified_time\" content=\"2025-10-14T18:45:09+00:00\" \/>\n<meta property=\"og:image\" content=\"https:\/\/habacus.com\/app\/uploads\/2025\/07\/Cover-Habacus-web.png\" \/>\n\t<meta property=\"og:image:width\" content=\"1200\" \/>\n\t<meta property=\"og:image:height\" content=\"675\" \/>\n\t<meta property=\"og:image:type\" content=\"image\/png\" \/>\n<meta name=\"twitter:card\" content=\"summary_large_image\" \/>\n<meta name=\"twitter:label1\" content=\"Tempo di lettura stimato\" \/>\n\t<meta name=\"twitter:data1\" content=\"2 minuti\" \/>\n<script type=\"application\/ld+json\" class=\"yoast-schema-graph\">{\"@context\":\"https:\\\/\\\/schema.org\",\"@graph\":[{\"@type\":\"WebPage\",\"@id\":\"https:\\\/\\\/habacus.com\\\/it\\\/informativa-trasparenza\\\/\",\"url\":\"https:\\\/\\\/habacus.com\\\/it\\\/informativa-trasparenza\\\/\",\"name\":\"Informativa trasparenza - Habacus\",\"isPartOf\":{\"@id\":\"https:\\\/\\\/habacus.com\\\/it\\\/#website\"},\"datePublished\":\"2025-08-19T13:22:58+00:00\",\"dateModified\":\"2025-10-14T18:45:09+00:00\",\"breadcrumb\":{\"@id\":\"https:\\\/\\\/habacus.com\\\/it\\\/informativa-trasparenza\\\/#breadcrumb\"},\"inLanguage\":\"it-IT\",\"potentialAction\":[{\"@type\":\"ReadAction\",\"target\":[\"https:\\\/\\\/habacus.com\\\/it\\\/informativa-trasparenza\\\/\"]}]},{\"@type\":\"BreadcrumbList\",\"@id\":\"https:\\\/\\\/habacus.com\\\/it\\\/informativa-trasparenza\\\/#breadcrumb\",\"itemListElement\":[{\"@type\":\"ListItem\",\"position\":1,\"name\":\"Home\",\"item\":\"https:\\\/\\\/habacus.com\\\/it\\\/\"},{\"@type\":\"ListItem\",\"position\":2,\"name\":\"Informativa trasparenza\"}]},{\"@type\":\"WebSite\",\"@id\":\"https:\\\/\\\/habacus.com\\\/it\\\/#website\",\"url\":\"https:\\\/\\\/habacus.com\\\/it\\\/\",\"name\":\"Habacus\",\"description\":\"Dream big plan smart\",\"publisher\":{\"@id\":\"https:\\\/\\\/habacus.com\\\/it\\\/#organization\"},\"alternateName\":\"abacus\",\"potentialAction\":[{\"@type\":\"SearchAction\",\"target\":{\"@type\":\"EntryPoint\",\"urlTemplate\":\"https:\\\/\\\/habacus.com\\\/it\\\/?s={search_term_string}\"},\"query-input\":{\"@type\":\"PropertyValueSpecification\",\"valueRequired\":true,\"valueName\":\"search_term_string\"}}],\"inLanguage\":\"it-IT\"},{\"@type\":\"Organization\",\"@id\":\"https:\\\/\\\/habacus.com\\\/it\\\/#organization\",\"name\":\"Habacus\",\"url\":\"https:\\\/\\\/habacus.com\\\/it\\\/\",\"logo\":{\"@type\":\"ImageObject\",\"inLanguage\":\"it-IT\",\"@id\":\"https:\\\/\\\/habacus.com\\\/it\\\/#\\\/schema\\\/logo\\\/image\\\/\",\"url\":\"https:\\\/\\\/habacus.com\\\/app\\\/uploads\\\/2025\\\/01\\\/1.png\",\"contentUrl\":\"https:\\\/\\\/habacus.com\\\/app\\\/uploads\\\/2025\\\/01\\\/1.png\",\"width\":512,\"height\":512,\"caption\":\"Habacus\"},\"image\":{\"@id\":\"https:\\\/\\\/habacus.com\\\/it\\\/#\\\/schema\\\/logo\\\/image\\\/\"},\"sameAs\":[\"https:\\\/\\\/www.facebook.com\\\/habacus.srl\",\"https:\\\/\\\/www.linkedin.com\\\/company\\\/h-abacus\",\"https:\\\/\\\/www.instagram.com\\\/habacus_ita\",\"https:\\\/\\\/www.tiktok.com\\\/@_habacus_\"]}]}<\/script>\n<!-- \/ Yoast SEO plugin. -->","yoast_head_json":{"title":"Informativa trasparenza - Habacus","robots":{"index":"index","follow":"follow","max-snippet":"max-snippet:-1","max-image-preview":"max-image-preview:large","max-video-preview":"max-video-preview:-1"},"canonical":"https:\/\/habacus.com\/it\/informativa-trasparenza\/","og_locale":"it_IT","og_type":"article","og_title":"Informativa trasparenza - Habacus","og_description":"Informativa sulla trasparenza Habacus La trasparenza e la confrontabilit\u00e0 delle offerte \u00e8 da sempre alla base della nostra filosofia commerciale. Negli ultimi anni, per rispondere alle sempre pi\u00f9 sentite esigenze di trasparenza da parte dei consumatori, sono stati rivisti e rafforzati dagli organi competenti gli obblighi informativi per le banche, gli intermediari finanziari ed i &hellip; Continued","og_url":"https:\/\/habacus.com\/it\/informativa-trasparenza\/","og_site_name":"Habacus","article_publisher":"https:\/\/www.facebook.com\/habacus.srl","article_modified_time":"2025-10-14T18:45:09+00:00","og_image":[{"width":1200,"height":675,"url":"https:\/\/habacus.com\/app\/uploads\/2025\/07\/Cover-Habacus-web.png","type":"image\/png"}],"twitter_card":"summary_large_image","twitter_misc":{"Tempo di lettura stimato":"2 minuti"},"schema":{"@context":"https:\/\/schema.org","@graph":[{"@type":"WebPage","@id":"https:\/\/habacus.com\/it\/informativa-trasparenza\/","url":"https:\/\/habacus.com\/it\/informativa-trasparenza\/","name":"Informativa trasparenza - Habacus","isPartOf":{"@id":"https:\/\/habacus.com\/it\/#website"},"datePublished":"2025-08-19T13:22:58+00:00","dateModified":"2025-10-14T18:45:09+00:00","breadcrumb":{"@id":"https:\/\/habacus.com\/it\/informativa-trasparenza\/#breadcrumb"},"inLanguage":"it-IT","potentialAction":[{"@type":"ReadAction","target":["https:\/\/habacus.com\/it\/informativa-trasparenza\/"]}]},{"@type":"BreadcrumbList","@id":"https:\/\/habacus.com\/it\/informativa-trasparenza\/#breadcrumb","itemListElement":[{"@type":"ListItem","position":1,"name":"Home","item":"https:\/\/habacus.com\/it\/"},{"@type":"ListItem","position":2,"name":"Informativa trasparenza"}]},{"@type":"WebSite","@id":"https:\/\/habacus.com\/it\/#website","url":"https:\/\/habacus.com\/it\/","name":"Habacus","description":"Dream big plan smart","publisher":{"@id":"https:\/\/habacus.com\/it\/#organization"},"alternateName":"abacus","potentialAction":[{"@type":"SearchAction","target":{"@type":"EntryPoint","urlTemplate":"https:\/\/habacus.com\/it\/?s={search_term_string}"},"query-input":{"@type":"PropertyValueSpecification","valueRequired":true,"valueName":"search_term_string"}}],"inLanguage":"it-IT"},{"@type":"Organization","@id":"https:\/\/habacus.com\/it\/#organization","name":"Habacus","url":"https:\/\/habacus.com\/it\/","logo":{"@type":"ImageObject","inLanguage":"it-IT","@id":"https:\/\/habacus.com\/it\/#\/schema\/logo\/image\/","url":"https:\/\/habacus.com\/app\/uploads\/2025\/01\/1.png","contentUrl":"https:\/\/habacus.com\/app\/uploads\/2025\/01\/1.png","width":512,"height":512,"caption":"Habacus"},"image":{"@id":"https:\/\/habacus.com\/it\/#\/schema\/logo\/image\/"},"sameAs":["https:\/\/www.facebook.com\/habacus.srl","https:\/\/www.linkedin.com\/company\/h-abacus","https:\/\/www.instagram.com\/habacus_ita","https:\/\/www.tiktok.com\/@_habacus_"]}]}},"_links":{"self":[{"href":"https:\/\/habacus.com\/it\/wp-json\/wp\/v2\/pages\/4752","targetHints":{"allow":["GET"]}}],"collection":[{"href":"https:\/\/habacus.com\/it\/wp-json\/wp\/v2\/pages"}],"about":[{"href":"https:\/\/habacus.com\/it\/wp-json\/wp\/v2\/types\/page"}],"author":[{"embeddable":true,"href":"https:\/\/habacus.com\/it\/wp-json\/wp\/v2\/users\/7"}],"replies":[{"embeddable":true,"href":"https:\/\/habacus.com\/it\/wp-json\/wp\/v2\/comments?post=4752"}],"version-history":[{"count":14,"href":"https:\/\/habacus.com\/it\/wp-json\/wp\/v2\/pages\/4752\/revisions"}],"predecessor-version":[{"id":5239,"href":"https:\/\/habacus.com\/it\/wp-json\/wp\/v2\/pages\/4752\/revisions\/5239"}],"wp:attachment":[{"href":"https:\/\/habacus.com\/it\/wp-json\/wp\/v2\/media?parent=4752"}],"curies":[{"name":"wp","href":"https:\/\/api.w.org\/{rel}","templated":true}]}}