{"id":1134,"date":"2024-11-25T16:23:32","date_gmt":"2024-11-25T15:23:32","guid":{"rendered":"https:\/\/habacus.com\/?page_id=1134"},"modified":"2025-06-30T13:22:00","modified_gmt":"2025-06-30T11:22:00","slug":"trattamento-dei-dati","status":"publish","type":"page","link":"https:\/\/habacus.com\/it\/trattamento-dei-dati\/","title":{"rendered":"Trattamento dei dati"},"content":{"rendered":"\n<div style=\"height:100px\" aria-hidden=\"true\" class=\"wp-block-spacer\"><\/div>\n\n\n\n<div class=\"wp-block-columns is-layout-flex wp-container-core-columns-is-layout-9d6595d7 wp-block-columns-is-layout-flex\">\n<div class=\"wp-block-column is-layout-flow wp-block-column-is-layout-flow\" style=\"flex-basis:25%\"><\/div>\n\n\n\n<div class=\"wp-block-column is-layout-flow wp-block-column-is-layout-flow\" style=\"flex-basis:50%\">\n<div class=\"font-montserrat text-dddblue px-20 pt-20\">\n<h1 class=\"text-6xl\">Trattamento dei dati<\/h1>\n<h3>Informazioni sul trattamento dei dati personali<\/h3>\n<p>Qui trovi le informazioni relative a come usiamo i tuoi dati personali che riceviamo tramite i moduli che trovi sui social media (Facebook e Instagram) e le app di messaggistica istantanea (Facebook Messenger, Instagram Direct e WhatsApp).<\/p>\n<ol>\n<li><strong> TITOLARE DEL TRATTAMENTO <\/strong><\/li>\n<\/ol>\n<p>Habacus S.r.l., con sede legale in via Cappuccio, 14, 20123, Milano, codice fiscale e partita IVA 04906910262 (\u201c<strong>HABACUS<\/strong>\u201d)<\/p>\n<ol start=\"2\">\n<li><strong> TIPOLOGIA, FONTE E MODALIT\u00c0 DI RACCOLTA DEI DATI<\/strong><\/li>\n<\/ol>\n<p>Habacus tratta i tuoi dati personali. Li abbiamo ricevuti tramite i social media, quando clicchi sulle nostre ad, oppure si tratta dei dati personali che tu stesso ci hai fornito tramite i moduli o in risposta ad un nostro messaggio (i \u201c<strong>Dati<\/strong>\u201d). Quali Dati? Questi: <img loading=\"lazy\" decoding=\"async\" class=\"alignnone wp-image-1617\" src=\"https:\/\/habacus.com\/app\/uploads\/2022\/03\/Trattamento_dati_personali-621x273.png\" alt=\"\" width=\"341\" height=\"150\" \/> Puoi scegliere tu se darci o meno i tuoi Dati, ma ci servono per rispondere al tuo messaggio e darti le informazioni che ci hai chiesto.<strong>\u00a0<\/strong><\/p>\n<ol start=\"3\">\n<li><strong> FINALIT\u00c0 E BASE GIURIDICA DEL TRATTAMENTO<\/strong><\/li>\n<\/ol>\n<p>Raccogliamo i tuoi Dati per consentire:<\/p>\n<ul>\n<li>a te di contattarci per ricevere pi\u00f9 informazioni sui nostri servizi e sulle modalit\u00e0 di finanziamento degli studi e dei percorsi formativi; e<\/li>\n<li>a Habacus di rispondere al tuo messaggio e\/o di fornirti tutte le informazioni richieste.<\/li>\n<\/ul>\n<p>Non utilizzeremo i tuoi Dati per altre finalit\u00e0 e non li venderemo ad altri soggetti. Il trattamento \u00e8 consentito in ragione dell\u2019interesse legittimo di Habacus a fornirti le informazioni richieste sui nostri servizi a supporto degli studi, che ci hai espressamente richiesto; certamente, se scrivi a Habacus, ti aspetti una risposta.<\/p>\n<ol start=\"4\">\n<li><strong> DESTINATARI DEI DATI<\/strong><\/li>\n<\/ol>\n<p>I Dati saranno comunicati e potranno essere conosciuti da dipendenti e collaboratori di Habacus. Inoltre, i tuoi Dati saranno trattati anche dalla societ\u00e0 che ci d\u00e0 una mano nella gestione dei nostri canali social. Stai tranquillo: ha sede in Italia, ha ricevuto specifiche istruzioni e sa come usarli.<\/p>\n<ol start=\"5\">\n<li><strong> COME SONO TRATTATI E PROTETTI I DATI? <\/strong><\/li>\n<\/ol>\n<p>I Dati saranno trattati con strumenti elettronici e informatici. Non utilizziamo bot, quelli che ti scrivono sono persone in carne e ossa! Utilizziamo solo sistemi protetti e sicuri; Habacus ha fatto tutto ci\u00f2 che doveva per proteggerli in maniera adeguata.<\/p>\n<ol start=\"6\">\n<li><strong> PERIODO DI CONSERVAZIONE <\/strong><\/li>\n<\/ol>\n<p>I Dati non saranno conservati per pi\u00f9 del tempo necessario e, comunque, per non pi\u00f9 di 12 mesi dall\u2019ultimo contatto. I Dati saranno conservati per pi\u00f9 tempo se ci\u00f2 \u00e8 necessario per rispettare obblighi stabiliti dalla legge o per assicurare la tutela giudiziaria dei diritti di Habacus, nel rispetto in ogni caso dei termini massimi consentiti dalla legge.<\/p>\n<ol start=\"7\">\n<li><strong> QUALI SONO I TUOI DIRITTI? <\/strong><\/li>\n<\/ol>\n<p>Tu hai il diritto, in ogni momento, di:<\/p>\n<ul>\n<li>di chiedere e ottenere l\u2019accesso ai tuoi Dati e informazioni sui trattamenti effettuati;<\/li>\n<li>di chiedere e ottenere la rettifica e\/o l\u2019aggiornamento dei Dati in nostro possesso (fatta eccezione per i dati del tuo <em>account<\/em> registrato sui <em>social media<\/em>);<\/li>\n<li>di chiedere e ottenere la cancellazione e\/o la limitazione del trattamento;<\/li>\n<li>di opporti al trattamento;<\/li>\n<li>di proporre ricorso all\u2019Autorit\u00e0 Giudiziaria o reclamo all\u2019Autorit\u00e0 garante per la protezione dei dati personali.<\/li>\n<\/ul>\n<p>Potrai esercitare questi diritti quando vuoi scrivendo:<\/p>\n<ul>\n<li>via email, all\u2019indirizzo: <a href=\"mailto:infoprivacy@habacus.com\">infoprivacy@habacus.com<\/a>;<\/li>\n<li>via raccomandata a\/r, all\u2019indirizzo: Habacus s.r.l., Via Cappuccio, 14, 20123, Milano.<\/li>\n<\/ul>\n<p>Per altre informazioni o chiarimenti sui diritti menzionati, puoi sempre scrivere a Habacus oppure al Responsabile della Protezione dei Dati (dati qui sotto).<\/p>\n<ol start=\"8\">\n<li><strong> RESPONSABILE DELLA PROTEZIONE DEI DATI <\/strong><\/li>\n<\/ol>\n<p><strong>HABACUS <\/strong>ha nominato un Responsabile della Protezione dei Dati (RPD). Si tratta di LCA SERVIZI S.R.L., ed \u00e8 raggiungibile al seguente indirizzo: Via della Moscova, 18, 20121, Milano, email: dpo@lcalex.it, oppure all\u2019indirizzo PEC: lcaservizi@pec.lcaservizi.it.<\/p>\n<\/div>\n<\/div>\n\n\n\n<div class=\"wp-block-column is-layout-flow wp-block-column-is-layout-flow\" style=\"flex-basis:25%\"><\/div>\n<\/div>\n\n\n\n<div style=\"height:209px\" aria-hidden=\"true\" class=\"wp-block-spacer\"><\/div>\n","protected":false},"excerpt":{"rendered":"<p>Trattamento dei dati Informazioni sul trattamento dei dati personali Qui trovi le informazioni relative a come usiamo i tuoi dati personali che riceviamo tramite i moduli che trovi sui social media (Facebook e Instagram) e le app di messaggistica istantanea (Facebook Messenger, Instagram Direct e WhatsApp). TITOLARE DEL TRATTAMENTO Habacus S.r.l., con sede legale in &hellip; <a href=\"https:\/\/habacus.com\/it\/trattamento-dei-dati\/\">Continued<\/a><\/p>\n","protected":false},"author":2,"featured_media":0,"parent":0,"menu_order":0,"comment_status":"closed","ping_status":"closed","template":"","meta":{"_acf_changed":false,"footnotes":""},"class_list":["post-1134","page","type-page","status-publish","hentry"],"acf":[],"yoast_head":"<!-- This site is optimized with the Yoast SEO plugin v27.3 - https:\/\/yoast.com\/product\/yoast-seo-wordpress\/ -->\n<title>Trattamento dei dati - Habacus<\/title>\n<meta name=\"robots\" content=\"index, follow, max-snippet:-1, max-image-preview:large, max-video-preview:-1\" \/>\n<link rel=\"canonical\" href=\"https:\/\/habacus.com\/it\/trattamento-dei-dati\/\" \/>\n<meta property=\"og:locale\" content=\"it_IT\" \/>\n<meta property=\"og:type\" content=\"article\" \/>\n<meta property=\"og:title\" content=\"Trattamento dei dati - Habacus\" \/>\n<meta property=\"og:description\" content=\"Trattamento dei dati Informazioni sul trattamento dei dati personali Qui trovi le informazioni relative a come usiamo i tuoi dati personali che riceviamo tramite i moduli che trovi sui social media (Facebook e Instagram) e le app di messaggistica istantanea (Facebook Messenger, Instagram Direct e WhatsApp). TITOLARE DEL TRATTAMENTO Habacus S.r.l., con sede legale in &hellip; Continued\" \/>\n<meta property=\"og:url\" content=\"https:\/\/habacus.com\/it\/trattamento-dei-dati\/\" \/>\n<meta property=\"og:site_name\" content=\"Habacus\" \/>\n<meta property=\"article:publisher\" content=\"https:\/\/www.facebook.com\/habacus.srl\" \/>\n<meta property=\"article:modified_time\" content=\"2025-06-30T11:22:00+00:00\" \/>\n<meta property=\"og:image\" content=\"https:\/\/habacus.com\/app\/uploads\/2022\/03\/Trattamento_dati_personali-621x273.png\" \/>\n<meta name=\"twitter:card\" content=\"summary_large_image\" \/>\n<meta name=\"twitter:label1\" content=\"Tempo di lettura stimato\" \/>\n\t<meta name=\"twitter:data1\" content=\"4 minuti\" \/>\n<script type=\"application\/ld+json\" class=\"yoast-schema-graph\">{\"@context\":\"https:\\\/\\\/schema.org\",\"@graph\":[{\"@type\":\"WebPage\",\"@id\":\"https:\\\/\\\/habacus.com\\\/it\\\/trattamento-dei-dati\\\/\",\"url\":\"https:\\\/\\\/habacus.com\\\/it\\\/trattamento-dei-dati\\\/\",\"name\":\"Trattamento dei dati - Habacus\",\"isPartOf\":{\"@id\":\"https:\\\/\\\/habacus.com\\\/it\\\/#website\"},\"primaryImageOfPage\":{\"@id\":\"https:\\\/\\\/habacus.com\\\/it\\\/trattamento-dei-dati\\\/#primaryimage\"},\"image\":{\"@id\":\"https:\\\/\\\/habacus.com\\\/it\\\/trattamento-dei-dati\\\/#primaryimage\"},\"thumbnailUrl\":\"https:\\\/\\\/habacus.com\\\/app\\\/uploads\\\/2022\\\/03\\\/Trattamento_dati_personali-621x273.png\",\"datePublished\":\"2024-11-25T15:23:32+00:00\",\"dateModified\":\"2025-06-30T11:22:00+00:00\",\"breadcrumb\":{\"@id\":\"https:\\\/\\\/habacus.com\\\/it\\\/trattamento-dei-dati\\\/#breadcrumb\"},\"inLanguage\":\"it-IT\",\"potentialAction\":[{\"@type\":\"ReadAction\",\"target\":[\"https:\\\/\\\/habacus.com\\\/it\\\/trattamento-dei-dati\\\/\"]}]},{\"@type\":\"ImageObject\",\"inLanguage\":\"it-IT\",\"@id\":\"https:\\\/\\\/habacus.com\\\/it\\\/trattamento-dei-dati\\\/#primaryimage\",\"url\":\"https:\\\/\\\/habacus.com\\\/app\\\/uploads\\\/2022\\\/03\\\/Trattamento_dati_personali-621x273.png\",\"contentUrl\":\"https:\\\/\\\/habacus.com\\\/app\\\/uploads\\\/2022\\\/03\\\/Trattamento_dati_personali-621x273.png\"},{\"@type\":\"BreadcrumbList\",\"@id\":\"https:\\\/\\\/habacus.com\\\/it\\\/trattamento-dei-dati\\\/#breadcrumb\",\"itemListElement\":[{\"@type\":\"ListItem\",\"position\":1,\"name\":\"Home\",\"item\":\"https:\\\/\\\/habacus.com\\\/it\\\/\"},{\"@type\":\"ListItem\",\"position\":2,\"name\":\"Trattamento dei dati\"}]},{\"@type\":\"WebSite\",\"@id\":\"https:\\\/\\\/habacus.com\\\/it\\\/#website\",\"url\":\"https:\\\/\\\/habacus.com\\\/it\\\/\",\"name\":\"Habacus\",\"description\":\"Dream big plan smart\",\"publisher\":{\"@id\":\"https:\\\/\\\/habacus.com\\\/it\\\/#organization\"},\"alternateName\":\"abacus\",\"potentialAction\":[{\"@type\":\"SearchAction\",\"target\":{\"@type\":\"EntryPoint\",\"urlTemplate\":\"https:\\\/\\\/habacus.com\\\/it\\\/?s={search_term_string}\"},\"query-input\":{\"@type\":\"PropertyValueSpecification\",\"valueRequired\":true,\"valueName\":\"search_term_string\"}}],\"inLanguage\":\"it-IT\"},{\"@type\":\"Organization\",\"@id\":\"https:\\\/\\\/habacus.com\\\/it\\\/#organization\",\"name\":\"Habacus\",\"url\":\"https:\\\/\\\/habacus.com\\\/it\\\/\",\"logo\":{\"@type\":\"ImageObject\",\"inLanguage\":\"it-IT\",\"@id\":\"https:\\\/\\\/habacus.com\\\/it\\\/#\\\/schema\\\/logo\\\/image\\\/\",\"url\":\"https:\\\/\\\/habacus.com\\\/app\\\/uploads\\\/2025\\\/01\\\/1.png\",\"contentUrl\":\"https:\\\/\\\/habacus.com\\\/app\\\/uploads\\\/2025\\\/01\\\/1.png\",\"width\":512,\"height\":512,\"caption\":\"Habacus\"},\"image\":{\"@id\":\"https:\\\/\\\/habacus.com\\\/it\\\/#\\\/schema\\\/logo\\\/image\\\/\"},\"sameAs\":[\"https:\\\/\\\/www.facebook.com\\\/habacus.srl\",\"https:\\\/\\\/www.linkedin.com\\\/company\\\/h-abacus\",\"https:\\\/\\\/www.instagram.com\\\/habacus_ita\",\"https:\\\/\\\/www.tiktok.com\\\/@_habacus_\"]}]}<\/script>\n<!-- \/ Yoast SEO plugin. -->","yoast_head_json":{"title":"Trattamento dei dati - Habacus","robots":{"index":"index","follow":"follow","max-snippet":"max-snippet:-1","max-image-preview":"max-image-preview:large","max-video-preview":"max-video-preview:-1"},"canonical":"https:\/\/habacus.com\/it\/trattamento-dei-dati\/","og_locale":"it_IT","og_type":"article","og_title":"Trattamento dei dati - Habacus","og_description":"Trattamento dei dati Informazioni sul trattamento dei dati personali Qui trovi le informazioni relative a come usiamo i tuoi dati personali che riceviamo tramite i moduli che trovi sui social media (Facebook e Instagram) e le app di messaggistica istantanea (Facebook Messenger, Instagram Direct e WhatsApp). TITOLARE DEL TRATTAMENTO Habacus S.r.l., con sede legale in &hellip; Continued","og_url":"https:\/\/habacus.com\/it\/trattamento-dei-dati\/","og_site_name":"Habacus","article_publisher":"https:\/\/www.facebook.com\/habacus.srl","article_modified_time":"2025-06-30T11:22:00+00:00","og_image":[{"url":"https:\/\/habacus.com\/app\/uploads\/2022\/03\/Trattamento_dati_personali-621x273.png","type":"","width":"","height":""}],"twitter_card":"summary_large_image","twitter_misc":{"Tempo di lettura stimato":"4 minuti"},"schema":{"@context":"https:\/\/schema.org","@graph":[{"@type":"WebPage","@id":"https:\/\/habacus.com\/it\/trattamento-dei-dati\/","url":"https:\/\/habacus.com\/it\/trattamento-dei-dati\/","name":"Trattamento dei dati - Habacus","isPartOf":{"@id":"https:\/\/habacus.com\/it\/#website"},"primaryImageOfPage":{"@id":"https:\/\/habacus.com\/it\/trattamento-dei-dati\/#primaryimage"},"image":{"@id":"https:\/\/habacus.com\/it\/trattamento-dei-dati\/#primaryimage"},"thumbnailUrl":"https:\/\/habacus.com\/app\/uploads\/2022\/03\/Trattamento_dati_personali-621x273.png","datePublished":"2024-11-25T15:23:32+00:00","dateModified":"2025-06-30T11:22:00+00:00","breadcrumb":{"@id":"https:\/\/habacus.com\/it\/trattamento-dei-dati\/#breadcrumb"},"inLanguage":"it-IT","potentialAction":[{"@type":"ReadAction","target":["https:\/\/habacus.com\/it\/trattamento-dei-dati\/"]}]},{"@type":"ImageObject","inLanguage":"it-IT","@id":"https:\/\/habacus.com\/it\/trattamento-dei-dati\/#primaryimage","url":"https:\/\/habacus.com\/app\/uploads\/2022\/03\/Trattamento_dati_personali-621x273.png","contentUrl":"https:\/\/habacus.com\/app\/uploads\/2022\/03\/Trattamento_dati_personali-621x273.png"},{"@type":"BreadcrumbList","@id":"https:\/\/habacus.com\/it\/trattamento-dei-dati\/#breadcrumb","itemListElement":[{"@type":"ListItem","position":1,"name":"Home","item":"https:\/\/habacus.com\/it\/"},{"@type":"ListItem","position":2,"name":"Trattamento dei dati"}]},{"@type":"WebSite","@id":"https:\/\/habacus.com\/it\/#website","url":"https:\/\/habacus.com\/it\/","name":"Habacus","description":"Dream big plan smart","publisher":{"@id":"https:\/\/habacus.com\/it\/#organization"},"alternateName":"abacus","potentialAction":[{"@type":"SearchAction","target":{"@type":"EntryPoint","urlTemplate":"https:\/\/habacus.com\/it\/?s={search_term_string}"},"query-input":{"@type":"PropertyValueSpecification","valueRequired":true,"valueName":"search_term_string"}}],"inLanguage":"it-IT"},{"@type":"Organization","@id":"https:\/\/habacus.com\/it\/#organization","name":"Habacus","url":"https:\/\/habacus.com\/it\/","logo":{"@type":"ImageObject","inLanguage":"it-IT","@id":"https:\/\/habacus.com\/it\/#\/schema\/logo\/image\/","url":"https:\/\/habacus.com\/app\/uploads\/2025\/01\/1.png","contentUrl":"https:\/\/habacus.com\/app\/uploads\/2025\/01\/1.png","width":512,"height":512,"caption":"Habacus"},"image":{"@id":"https:\/\/habacus.com\/it\/#\/schema\/logo\/image\/"},"sameAs":["https:\/\/www.facebook.com\/habacus.srl","https:\/\/www.linkedin.com\/company\/h-abacus","https:\/\/www.instagram.com\/habacus_ita","https:\/\/www.tiktok.com\/@_habacus_"]}]}},"_links":{"self":[{"href":"https:\/\/habacus.com\/it\/wp-json\/wp\/v2\/pages\/1134","targetHints":{"allow":["GET"]}}],"collection":[{"href":"https:\/\/habacus.com\/it\/wp-json\/wp\/v2\/pages"}],"about":[{"href":"https:\/\/habacus.com\/it\/wp-json\/wp\/v2\/types\/page"}],"author":[{"embeddable":true,"href":"https:\/\/habacus.com\/it\/wp-json\/wp\/v2\/users\/2"}],"replies":[{"embeddable":true,"href":"https:\/\/habacus.com\/it\/wp-json\/wp\/v2\/comments?post=1134"}],"version-history":[{"count":6,"href":"https:\/\/habacus.com\/it\/wp-json\/wp\/v2\/pages\/1134\/revisions"}],"predecessor-version":[{"id":3585,"href":"https:\/\/habacus.com\/it\/wp-json\/wp\/v2\/pages\/1134\/revisions\/3585"}],"wp:attachment":[{"href":"https:\/\/habacus.com\/it\/wp-json\/wp\/v2\/media?parent=1134"}],"curies":[{"name":"wp","href":"https:\/\/api.w.org\/{rel}","templated":true}]}}